{"id":3702,"date":"2015-02-06T08:32:05","date_gmt":"2015-02-06T08:32:05","guid":{"rendered":"http:\/\/biberena.ch\/de\/?page_id=3702"},"modified":"2015-02-10T16:09:53","modified_gmt":"2015-02-10T16:09:53","slug":"partys-events","status":"publish","type":"page","link":"https:\/\/biberena.ch\/de\/en\/partys-events\/","title":{"rendered":"Partys &#038; Events"},"content":{"rendered":"","protected":false},"excerpt":{"rendered":"","protected":false},"author":1,"featured_media":0,"parent":0,"menu_order":0,"comment_status":"closed","ping_status":"closed","template":"","meta":{"footnotes":""},"class_list":["post-3702","page","type-page","status-publish","hentry"],"yoast_head":"<!-- This site is optimized with the Yoast SEO plugin v26.3 - https:\/\/yoast.com\/wordpress\/plugins\/seo\/ -->\n<title>Partys &amp; Events - Biberena \u00a6 Kultur- und Kongresszentrum Biberist<\/title>\n<meta name=\"description\" content=\"Im grossen Saal k\u00f6nnen Sie mit bis zu 1500 Personen Ihre Partys &amp; Events feiern. Auf der B\u00fchne gibt es gen\u00fcgend Platz f\u00fcr DJs oder Showacts.\" \/>\n<meta name=\"robots\" content=\"index, follow, max-snippet:-1, max-image-preview:large, max-video-preview:-1\" \/>\n<link rel=\"canonical\" href=\"https:\/\/biberena.ch\/de\/en\/partys-events\/\" \/>\n<script type=\"application\/ld+json\" class=\"yoast-schema-graph\">{\"@context\":\"https:\/\/schema.org\",\"@graph\":[{\"@type\":\"WebPage\",\"@id\":\"https:\/\/biberena.ch\/de\/partys-events\/\",\"url\":\"https:\/\/biberena.ch\/de\/partys-events\/\",\"name\":\"Partys & Events - Biberena \u00a6 Kultur- und Kongresszentrum Biberist\",\"isPartOf\":{\"@id\":\"https:\/\/biberena.ch\/de\/#website\"},\"datePublished\":\"2015-02-06T08:32:05+00:00\",\"dateModified\":\"2015-02-10T16:09:53+00:00\",\"description\":\"Im grossen Saal k\u00f6nnen Sie mit bis zu 1500 Personen Ihre Partys & Events feiern. Auf der B\u00fchne gibt es gen\u00fcgend Platz f\u00fcr DJs oder Showacts.\",\"breadcrumb\":{\"@id\":\"https:\/\/biberena.ch\/de\/partys-events\/#breadcrumb\"},\"inLanguage\":\"en-US\",\"potentialAction\":[{\"@type\":\"ReadAction\",\"target\":[\"https:\/\/biberena.ch\/de\/partys-events\/\"]}]},{\"@type\":\"BreadcrumbList\",\"@id\":\"https:\/\/biberena.ch\/de\/partys-events\/#breadcrumb\",\"itemListElement\":[{\"@type\":\"ListItem\",\"position\":1,\"name\":\"Home\",\"item\":\"https:\/\/biberena.ch\/de\/\"},{\"@type\":\"ListItem\",\"position\":2,\"name\":\"Partys &#038; Events\"}]},{\"@type\":\"WebSite\",\"@id\":\"https:\/\/biberena.ch\/de\/#website\",\"url\":\"https:\/\/biberena.ch\/de\/\",\"name\":\"Biberena \u00a6 Kultur- und Kongresszentrum Biberist\",\"description\":\"Das Kongresszentrum in Biberist, Solothurn\",\"potentialAction\":[{\"@type\":\"SearchAction\",\"target\":{\"@type\":\"EntryPoint\",\"urlTemplate\":\"https:\/\/biberena.ch\/de\/?s={search_term_string}\"},\"query-input\":{\"@type\":\"PropertyValueSpecification\",\"valueRequired\":true,\"valueName\":\"search_term_string\"}}],\"inLanguage\":\"en-US\"}]}<\/script>\n<!-- \/ Yoast SEO plugin. -->","yoast_head_json":{"title":"Partys & Events - Biberena \u00a6 Kultur- und Kongresszentrum Biberist","description":"Im grossen Saal k\u00f6nnen Sie mit bis zu 1500 Personen Ihre Partys & Events feiern. Auf der B\u00fchne gibt es gen\u00fcgend Platz f\u00fcr DJs oder Showacts.","robots":{"index":"index","follow":"follow","max-snippet":"max-snippet:-1","max-image-preview":"max-image-preview:large","max-video-preview":"max-video-preview:-1"},"canonical":"https:\/\/biberena.ch\/de\/en\/partys-events\/","schema":{"@context":"https:\/\/schema.org","@graph":[{"@type":"WebPage","@id":"https:\/\/biberena.ch\/de\/partys-events\/","url":"https:\/\/biberena.ch\/de\/partys-events\/","name":"Partys & Events - Biberena \u00a6 Kultur- und Kongresszentrum Biberist","isPartOf":{"@id":"https:\/\/biberena.ch\/de\/#website"},"datePublished":"2015-02-06T08:32:05+00:00","dateModified":"2015-02-10T16:09:53+00:00","description":"Im grossen Saal k\u00f6nnen Sie mit bis zu 1500 Personen Ihre Partys & Events feiern. Auf der B\u00fchne gibt es gen\u00fcgend Platz f\u00fcr DJs oder Showacts.","breadcrumb":{"@id":"https:\/\/biberena.ch\/de\/partys-events\/#breadcrumb"},"inLanguage":"en-US","potentialAction":[{"@type":"ReadAction","target":["https:\/\/biberena.ch\/de\/partys-events\/"]}]},{"@type":"BreadcrumbList","@id":"https:\/\/biberena.ch\/de\/partys-events\/#breadcrumb","itemListElement":[{"@type":"ListItem","position":1,"name":"Home","item":"https:\/\/biberena.ch\/de\/"},{"@type":"ListItem","position":2,"name":"Partys &#038; Events"}]},{"@type":"WebSite","@id":"https:\/\/biberena.ch\/de\/#website","url":"https:\/\/biberena.ch\/de\/","name":"Biberena \u00a6 Kultur- und Kongresszentrum Biberist","description":"Das Kongresszentrum in Biberist, Solothurn","potentialAction":[{"@type":"SearchAction","target":{"@type":"EntryPoint","urlTemplate":"https:\/\/biberena.ch\/de\/?s={search_term_string}"},"query-input":{"@type":"PropertyValueSpecification","valueRequired":true,"valueName":"search_term_string"}}],"inLanguage":"en-US"}]}},"_links":{"self":[{"href":"https:\/\/biberena.ch\/de\/en\/wp-json\/wp\/v2\/pages\/3702","targetHints":{"allow":["GET"]}}],"collection":[{"href":"https:\/\/biberena.ch\/de\/en\/wp-json\/wp\/v2\/pages"}],"about":[{"href":"https:\/\/biberena.ch\/de\/en\/wp-json\/wp\/v2\/types\/page"}],"author":[{"embeddable":true,"href":"https:\/\/biberena.ch\/de\/en\/wp-json\/wp\/v2\/users\/1"}],"replies":[{"embeddable":true,"href":"https:\/\/biberena.ch\/de\/en\/wp-json\/wp\/v2\/comments?post=3702"}],"version-history":[{"count":1,"href":"https:\/\/biberena.ch\/de\/en\/wp-json\/wp\/v2\/pages\/3702\/revisions"}],"predecessor-version":[{"id":3703,"href":"https:\/\/biberena.ch\/de\/en\/wp-json\/wp\/v2\/pages\/3702\/revisions\/3703"}],"wp:attachment":[{"href":"https:\/\/biberena.ch\/de\/en\/wp-json\/wp\/v2\/media?parent=3702"}],"curies":[{"name":"wp","href":"https:\/\/api.w.org\/{rel}","templated":true}]}}