{"id":3711,"date":"2015-02-06T08:47:43","date_gmt":"2015-02-06T08:47:43","guid":{"rendered":"http:\/\/biberena.ch\/de\/?page_id=3711"},"modified":"2015-02-10T16:00:57","modified_gmt":"2015-02-10T16:00:57","slug":"kongresse-seminare","status":"publish","type":"page","link":"https:\/\/biberena.ch\/de\/en\/kongresse-seminare\/","title":{"rendered":"Kongresse &#038; Seminare"},"content":{"rendered":"","protected":false},"excerpt":{"rendered":"","protected":false},"author":1,"featured_media":0,"parent":0,"menu_order":0,"comment_status":"closed","ping_status":"closed","template":"","meta":{"footnotes":""},"class_list":["post-3711","page","type-page","status-publish","hentry"],"yoast_head":"<!-- This site is optimized with the Yoast SEO plugin v26.3 - https:\/\/yoast.com\/wordpress\/plugins\/seo\/ -->\n<title>Kongresse &amp; Seminare - Biberena \u00a6 Kultur- und Kongresszentrum Biberist<\/title>\n<meta name=\"description\" content=\"M\u00f6chten Sie kleine Seminare oder grosse Kongresse durchf\u00fchren? Dann bieten wir Ihnen die ideale Infrastruktur daf\u00fcr. Inklusive Parkplatzfl\u00e4chen.\" \/>\n<meta name=\"robots\" content=\"index, follow, max-snippet:-1, max-image-preview:large, max-video-preview:-1\" \/>\n<link rel=\"canonical\" href=\"https:\/\/biberena.ch\/de\/en\/kongresse-seminare\/\" \/>\n<script type=\"application\/ld+json\" class=\"yoast-schema-graph\">{\"@context\":\"https:\/\/schema.org\",\"@graph\":[{\"@type\":\"WebPage\",\"@id\":\"https:\/\/biberena.ch\/de\/kongresse-seminare\/\",\"url\":\"https:\/\/biberena.ch\/de\/kongresse-seminare\/\",\"name\":\"Kongresse & Seminare - Biberena \u00a6 Kultur- und Kongresszentrum Biberist\",\"isPartOf\":{\"@id\":\"https:\/\/biberena.ch\/de\/#website\"},\"datePublished\":\"2015-02-06T08:47:43+00:00\",\"dateModified\":\"2015-02-10T16:00:57+00:00\",\"description\":\"M\u00f6chten Sie kleine Seminare oder grosse Kongresse durchf\u00fchren? Dann bieten wir Ihnen die ideale Infrastruktur daf\u00fcr. Inklusive Parkplatzfl\u00e4chen.\",\"breadcrumb\":{\"@id\":\"https:\/\/biberena.ch\/de\/kongresse-seminare\/#breadcrumb\"},\"inLanguage\":\"en-US\",\"potentialAction\":[{\"@type\":\"ReadAction\",\"target\":[\"https:\/\/biberena.ch\/de\/kongresse-seminare\/\"]}]},{\"@type\":\"BreadcrumbList\",\"@id\":\"https:\/\/biberena.ch\/de\/kongresse-seminare\/#breadcrumb\",\"itemListElement\":[{\"@type\":\"ListItem\",\"position\":1,\"name\":\"Home\",\"item\":\"https:\/\/biberena.ch\/de\/\"},{\"@type\":\"ListItem\",\"position\":2,\"name\":\"Kongresse &#038; Seminare\"}]},{\"@type\":\"WebSite\",\"@id\":\"https:\/\/biberena.ch\/de\/#website\",\"url\":\"https:\/\/biberena.ch\/de\/\",\"name\":\"Biberena \u00a6 Kultur- und Kongresszentrum Biberist\",\"description\":\"Das Kongresszentrum in Biberist, Solothurn\",\"potentialAction\":[{\"@type\":\"SearchAction\",\"target\":{\"@type\":\"EntryPoint\",\"urlTemplate\":\"https:\/\/biberena.ch\/de\/?s={search_term_string}\"},\"query-input\":{\"@type\":\"PropertyValueSpecification\",\"valueRequired\":true,\"valueName\":\"search_term_string\"}}],\"inLanguage\":\"en-US\"}]}<\/script>\n<!-- \/ Yoast SEO plugin. -->","yoast_head_json":{"title":"Kongresse & Seminare - Biberena \u00a6 Kultur- und Kongresszentrum Biberist","description":"M\u00f6chten Sie kleine Seminare oder grosse Kongresse durchf\u00fchren? Dann bieten wir Ihnen die ideale Infrastruktur daf\u00fcr. Inklusive Parkplatzfl\u00e4chen.","robots":{"index":"index","follow":"follow","max-snippet":"max-snippet:-1","max-image-preview":"max-image-preview:large","max-video-preview":"max-video-preview:-1"},"canonical":"https:\/\/biberena.ch\/de\/en\/kongresse-seminare\/","schema":{"@context":"https:\/\/schema.org","@graph":[{"@type":"WebPage","@id":"https:\/\/biberena.ch\/de\/kongresse-seminare\/","url":"https:\/\/biberena.ch\/de\/kongresse-seminare\/","name":"Kongresse & Seminare - Biberena \u00a6 Kultur- und Kongresszentrum Biberist","isPartOf":{"@id":"https:\/\/biberena.ch\/de\/#website"},"datePublished":"2015-02-06T08:47:43+00:00","dateModified":"2015-02-10T16:00:57+00:00","description":"M\u00f6chten Sie kleine Seminare oder grosse Kongresse durchf\u00fchren? Dann bieten wir Ihnen die ideale Infrastruktur daf\u00fcr. Inklusive Parkplatzfl\u00e4chen.","breadcrumb":{"@id":"https:\/\/biberena.ch\/de\/kongresse-seminare\/#breadcrumb"},"inLanguage":"en-US","potentialAction":[{"@type":"ReadAction","target":["https:\/\/biberena.ch\/de\/kongresse-seminare\/"]}]},{"@type":"BreadcrumbList","@id":"https:\/\/biberena.ch\/de\/kongresse-seminare\/#breadcrumb","itemListElement":[{"@type":"ListItem","position":1,"name":"Home","item":"https:\/\/biberena.ch\/de\/"},{"@type":"ListItem","position":2,"name":"Kongresse &#038; Seminare"}]},{"@type":"WebSite","@id":"https:\/\/biberena.ch\/de\/#website","url":"https:\/\/biberena.ch\/de\/","name":"Biberena \u00a6 Kultur- und Kongresszentrum Biberist","description":"Das Kongresszentrum in Biberist, Solothurn","potentialAction":[{"@type":"SearchAction","target":{"@type":"EntryPoint","urlTemplate":"https:\/\/biberena.ch\/de\/?s={search_term_string}"},"query-input":{"@type":"PropertyValueSpecification","valueRequired":true,"valueName":"search_term_string"}}],"inLanguage":"en-US"}]}},"_links":{"self":[{"href":"https:\/\/biberena.ch\/de\/en\/wp-json\/wp\/v2\/pages\/3711","targetHints":{"allow":["GET"]}}],"collection":[{"href":"https:\/\/biberena.ch\/de\/en\/wp-json\/wp\/v2\/pages"}],"about":[{"href":"https:\/\/biberena.ch\/de\/en\/wp-json\/wp\/v2\/types\/page"}],"author":[{"embeddable":true,"href":"https:\/\/biberena.ch\/de\/en\/wp-json\/wp\/v2\/users\/1"}],"replies":[{"embeddable":true,"href":"https:\/\/biberena.ch\/de\/en\/wp-json\/wp\/v2\/comments?post=3711"}],"version-history":[{"count":1,"href":"https:\/\/biberena.ch\/de\/en\/wp-json\/wp\/v2\/pages\/3711\/revisions"}],"predecessor-version":[{"id":3712,"href":"https:\/\/biberena.ch\/de\/en\/wp-json\/wp\/v2\/pages\/3711\/revisions\/3712"}],"wp:attachment":[{"href":"https:\/\/biberena.ch\/de\/en\/wp-json\/wp\/v2\/media?parent=3711"}],"curies":[{"name":"wp","href":"https:\/\/api.w.org\/{rel}","templated":true}]}}