{"id":3720,"date":"2015-02-06T10:51:22","date_gmt":"2015-02-06T10:51:22","guid":{"rendered":"http:\/\/biberena.ch\/de\/?page_id=3720"},"modified":"2015-02-16T11:14:34","modified_gmt":"2015-02-16T11:14:34","slug":"firmenanlaesse","status":"publish","type":"page","link":"https:\/\/biberena.ch\/de\/en\/firmenanlaesse\/","title":{"rendered":"Firmenanl\u00e4sse"},"content":{"rendered":"","protected":false},"excerpt":{"rendered":"","protected":false},"author":1,"featured_media":0,"parent":0,"menu_order":0,"comment_status":"closed","ping_status":"closed","template":"","meta":{"footnotes":""},"class_list":["post-3720","page","type-page","status-publish","hentry"],"yoast_head":"<!-- This site is optimized with the Yoast SEO plugin v26.3 - https:\/\/yoast.com\/wordpress\/plugins\/seo\/ -->\n<title>Firmenanl\u00e4sse - Biberena \u00a6 Kultur- und Kongresszentrum Biberist<\/title>\n<meta name=\"description\" content=\"Generalversammlung, Fachtagung, Produktpr\u00e4sentation, Jubil\u00e4um, Weihnachtsfest? Wir bieten Ihnen die ideale Rahmenbedingung f\u00fcr Ihre Firmenanl\u00e4sse.\" \/>\n<meta name=\"robots\" content=\"index, follow, max-snippet:-1, max-image-preview:large, max-video-preview:-1\" \/>\n<link rel=\"canonical\" href=\"https:\/\/biberena.ch\/de\/en\/firmenanlaesse\/\" \/>\n<script type=\"application\/ld+json\" class=\"yoast-schema-graph\">{\"@context\":\"https:\/\/schema.org\",\"@graph\":[{\"@type\":\"WebPage\",\"@id\":\"https:\/\/biberena.ch\/de\/firmenanlaesse\/\",\"url\":\"https:\/\/biberena.ch\/de\/firmenanlaesse\/\",\"name\":\"Firmenanl\u00e4sse - Biberena \u00a6 Kultur- und Kongresszentrum Biberist\",\"isPartOf\":{\"@id\":\"https:\/\/biberena.ch\/de\/#website\"},\"datePublished\":\"2015-02-06T10:51:22+00:00\",\"dateModified\":\"2015-02-16T11:14:34+00:00\",\"description\":\"Generalversammlung, Fachtagung, Produktpr\u00e4sentation, Jubil\u00e4um, Weihnachtsfest? Wir bieten Ihnen die ideale Rahmenbedingung f\u00fcr Ihre Firmenanl\u00e4sse.\",\"breadcrumb\":{\"@id\":\"https:\/\/biberena.ch\/de\/firmenanlaesse\/#breadcrumb\"},\"inLanguage\":\"en-US\",\"potentialAction\":[{\"@type\":\"ReadAction\",\"target\":[\"https:\/\/biberena.ch\/de\/firmenanlaesse\/\"]}]},{\"@type\":\"BreadcrumbList\",\"@id\":\"https:\/\/biberena.ch\/de\/firmenanlaesse\/#breadcrumb\",\"itemListElement\":[{\"@type\":\"ListItem\",\"position\":1,\"name\":\"Home\",\"item\":\"https:\/\/biberena.ch\/de\/\"},{\"@type\":\"ListItem\",\"position\":2,\"name\":\"Firmenanl\u00e4sse\"}]},{\"@type\":\"WebSite\",\"@id\":\"https:\/\/biberena.ch\/de\/#website\",\"url\":\"https:\/\/biberena.ch\/de\/\",\"name\":\"Biberena \u00a6 Kultur- und Kongresszentrum Biberist\",\"description\":\"Das Kongresszentrum in Biberist, Solothurn\",\"potentialAction\":[{\"@type\":\"SearchAction\",\"target\":{\"@type\":\"EntryPoint\",\"urlTemplate\":\"https:\/\/biberena.ch\/de\/?s={search_term_string}\"},\"query-input\":{\"@type\":\"PropertyValueSpecification\",\"valueRequired\":true,\"valueName\":\"search_term_string\"}}],\"inLanguage\":\"en-US\"}]}<\/script>\n<!-- \/ Yoast SEO plugin. -->","yoast_head_json":{"title":"Firmenanl\u00e4sse - Biberena \u00a6 Kultur- und Kongresszentrum Biberist","description":"Generalversammlung, Fachtagung, Produktpr\u00e4sentation, Jubil\u00e4um, Weihnachtsfest? Wir bieten Ihnen die ideale Rahmenbedingung f\u00fcr Ihre Firmenanl\u00e4sse.","robots":{"index":"index","follow":"follow","max-snippet":"max-snippet:-1","max-image-preview":"max-image-preview:large","max-video-preview":"max-video-preview:-1"},"canonical":"https:\/\/biberena.ch\/de\/en\/firmenanlaesse\/","schema":{"@context":"https:\/\/schema.org","@graph":[{"@type":"WebPage","@id":"https:\/\/biberena.ch\/de\/firmenanlaesse\/","url":"https:\/\/biberena.ch\/de\/firmenanlaesse\/","name":"Firmenanl\u00e4sse - Biberena \u00a6 Kultur- und Kongresszentrum Biberist","isPartOf":{"@id":"https:\/\/biberena.ch\/de\/#website"},"datePublished":"2015-02-06T10:51:22+00:00","dateModified":"2015-02-16T11:14:34+00:00","description":"Generalversammlung, Fachtagung, Produktpr\u00e4sentation, Jubil\u00e4um, Weihnachtsfest? Wir bieten Ihnen die ideale Rahmenbedingung f\u00fcr Ihre Firmenanl\u00e4sse.","breadcrumb":{"@id":"https:\/\/biberena.ch\/de\/firmenanlaesse\/#breadcrumb"},"inLanguage":"en-US","potentialAction":[{"@type":"ReadAction","target":["https:\/\/biberena.ch\/de\/firmenanlaesse\/"]}]},{"@type":"BreadcrumbList","@id":"https:\/\/biberena.ch\/de\/firmenanlaesse\/#breadcrumb","itemListElement":[{"@type":"ListItem","position":1,"name":"Home","item":"https:\/\/biberena.ch\/de\/"},{"@type":"ListItem","position":2,"name":"Firmenanl\u00e4sse"}]},{"@type":"WebSite","@id":"https:\/\/biberena.ch\/de\/#website","url":"https:\/\/biberena.ch\/de\/","name":"Biberena \u00a6 Kultur- und Kongresszentrum Biberist","description":"Das Kongresszentrum in Biberist, Solothurn","potentialAction":[{"@type":"SearchAction","target":{"@type":"EntryPoint","urlTemplate":"https:\/\/biberena.ch\/de\/?s={search_term_string}"},"query-input":{"@type":"PropertyValueSpecification","valueRequired":true,"valueName":"search_term_string"}}],"inLanguage":"en-US"}]}},"_links":{"self":[{"href":"https:\/\/biberena.ch\/de\/en\/wp-json\/wp\/v2\/pages\/3720","targetHints":{"allow":["GET"]}}],"collection":[{"href":"https:\/\/biberena.ch\/de\/en\/wp-json\/wp\/v2\/pages"}],"about":[{"href":"https:\/\/biberena.ch\/de\/en\/wp-json\/wp\/v2\/types\/page"}],"author":[{"embeddable":true,"href":"https:\/\/biberena.ch\/de\/en\/wp-json\/wp\/v2\/users\/1"}],"replies":[{"embeddable":true,"href":"https:\/\/biberena.ch\/de\/en\/wp-json\/wp\/v2\/comments?post=3720"}],"version-history":[{"count":1,"href":"https:\/\/biberena.ch\/de\/en\/wp-json\/wp\/v2\/pages\/3720\/revisions"}],"predecessor-version":[{"id":3721,"href":"https:\/\/biberena.ch\/de\/en\/wp-json\/wp\/v2\/pages\/3720\/revisions\/3721"}],"wp:attachment":[{"href":"https:\/\/biberena.ch\/de\/en\/wp-json\/wp\/v2\/media?parent=3720"}],"curies":[{"name":"wp","href":"https:\/\/api.w.org\/{rel}","templated":true}]}}