{"id":3733,"date":"2015-02-06T12:41:37","date_gmt":"2015-02-06T12:41:37","guid":{"rendered":"http:\/\/biberena.ch\/de\/?page_id=3733"},"modified":"2015-02-10T16:01:32","modified_gmt":"2015-02-10T16:01:32","slug":"konzerte-musicals","status":"publish","type":"page","link":"https:\/\/biberena.ch\/de\/en\/konzerte-musicals\/","title":{"rendered":"Konzerte &#038; Musicals"},"content":{"rendered":"","protected":false},"excerpt":{"rendered":"","protected":false},"author":1,"featured_media":0,"parent":0,"menu_order":0,"comment_status":"closed","ping_status":"closed","template":"","meta":{"footnotes":""},"class_list":["post-3733","page","type-page","status-publish","hentry"],"yoast_head":"<!-- This site is optimized with the Yoast SEO plugin v26.3 - https:\/\/yoast.com\/wordpress\/plugins\/seo\/ -->\n<title>Konzerte &amp; Musicals - Biberena \u00a6 Kultur- und Kongresszentrum Biberist<\/title>\n<meta name=\"description\" content=\"Die BIBERNEA bietet durch Ihre Gr\u00f6sse und die verkehrsg\u00fcnstige Lage die besten Voraussetzungen f\u00fcr Konzerte und Musicals.\" \/>\n<meta name=\"robots\" content=\"index, follow, max-snippet:-1, max-image-preview:large, max-video-preview:-1\" \/>\n<link rel=\"canonical\" href=\"https:\/\/biberena.ch\/de\/en\/konzerte-musicals\/\" \/>\n<script type=\"application\/ld+json\" class=\"yoast-schema-graph\">{\"@context\":\"https:\/\/schema.org\",\"@graph\":[{\"@type\":\"WebPage\",\"@id\":\"https:\/\/biberena.ch\/de\/konzerte-musicals\/\",\"url\":\"https:\/\/biberena.ch\/de\/konzerte-musicals\/\",\"name\":\"Konzerte & Musicals - Biberena \u00a6 Kultur- und Kongresszentrum Biberist\",\"isPartOf\":{\"@id\":\"https:\/\/biberena.ch\/de\/#website\"},\"datePublished\":\"2015-02-06T12:41:37+00:00\",\"dateModified\":\"2015-02-10T16:01:32+00:00\",\"description\":\"Die BIBERNEA bietet durch Ihre Gr\u00f6sse und die verkehrsg\u00fcnstige Lage die besten Voraussetzungen f\u00fcr Konzerte und Musicals.\",\"breadcrumb\":{\"@id\":\"https:\/\/biberena.ch\/de\/konzerte-musicals\/#breadcrumb\"},\"inLanguage\":\"en-US\",\"potentialAction\":[{\"@type\":\"ReadAction\",\"target\":[\"https:\/\/biberena.ch\/de\/konzerte-musicals\/\"]}]},{\"@type\":\"BreadcrumbList\",\"@id\":\"https:\/\/biberena.ch\/de\/konzerte-musicals\/#breadcrumb\",\"itemListElement\":[{\"@type\":\"ListItem\",\"position\":1,\"name\":\"Home\",\"item\":\"https:\/\/biberena.ch\/de\/\"},{\"@type\":\"ListItem\",\"position\":2,\"name\":\"Konzerte &#038; Musicals\"}]},{\"@type\":\"WebSite\",\"@id\":\"https:\/\/biberena.ch\/de\/#website\",\"url\":\"https:\/\/biberena.ch\/de\/\",\"name\":\"Biberena \u00a6 Kultur- und Kongresszentrum Biberist\",\"description\":\"Das Kongresszentrum in Biberist, Solothurn\",\"potentialAction\":[{\"@type\":\"SearchAction\",\"target\":{\"@type\":\"EntryPoint\",\"urlTemplate\":\"https:\/\/biberena.ch\/de\/?s={search_term_string}\"},\"query-input\":{\"@type\":\"PropertyValueSpecification\",\"valueRequired\":true,\"valueName\":\"search_term_string\"}}],\"inLanguage\":\"en-US\"}]}<\/script>\n<!-- \/ Yoast SEO plugin. -->","yoast_head_json":{"title":"Konzerte & Musicals - Biberena \u00a6 Kultur- und Kongresszentrum Biberist","description":"Die BIBERNEA bietet durch Ihre Gr\u00f6sse und die verkehrsg\u00fcnstige Lage die besten Voraussetzungen f\u00fcr Konzerte und Musicals.","robots":{"index":"index","follow":"follow","max-snippet":"max-snippet:-1","max-image-preview":"max-image-preview:large","max-video-preview":"max-video-preview:-1"},"canonical":"https:\/\/biberena.ch\/de\/en\/konzerte-musicals\/","schema":{"@context":"https:\/\/schema.org","@graph":[{"@type":"WebPage","@id":"https:\/\/biberena.ch\/de\/konzerte-musicals\/","url":"https:\/\/biberena.ch\/de\/konzerte-musicals\/","name":"Konzerte & Musicals - Biberena \u00a6 Kultur- und Kongresszentrum Biberist","isPartOf":{"@id":"https:\/\/biberena.ch\/de\/#website"},"datePublished":"2015-02-06T12:41:37+00:00","dateModified":"2015-02-10T16:01:32+00:00","description":"Die BIBERNEA bietet durch Ihre Gr\u00f6sse und die verkehrsg\u00fcnstige Lage die besten Voraussetzungen f\u00fcr Konzerte und Musicals.","breadcrumb":{"@id":"https:\/\/biberena.ch\/de\/konzerte-musicals\/#breadcrumb"},"inLanguage":"en-US","potentialAction":[{"@type":"ReadAction","target":["https:\/\/biberena.ch\/de\/konzerte-musicals\/"]}]},{"@type":"BreadcrumbList","@id":"https:\/\/biberena.ch\/de\/konzerte-musicals\/#breadcrumb","itemListElement":[{"@type":"ListItem","position":1,"name":"Home","item":"https:\/\/biberena.ch\/de\/"},{"@type":"ListItem","position":2,"name":"Konzerte &#038; Musicals"}]},{"@type":"WebSite","@id":"https:\/\/biberena.ch\/de\/#website","url":"https:\/\/biberena.ch\/de\/","name":"Biberena \u00a6 Kultur- und Kongresszentrum Biberist","description":"Das Kongresszentrum in Biberist, Solothurn","potentialAction":[{"@type":"SearchAction","target":{"@type":"EntryPoint","urlTemplate":"https:\/\/biberena.ch\/de\/?s={search_term_string}"},"query-input":{"@type":"PropertyValueSpecification","valueRequired":true,"valueName":"search_term_string"}}],"inLanguage":"en-US"}]}},"_links":{"self":[{"href":"https:\/\/biberena.ch\/de\/en\/wp-json\/wp\/v2\/pages\/3733","targetHints":{"allow":["GET"]}}],"collection":[{"href":"https:\/\/biberena.ch\/de\/en\/wp-json\/wp\/v2\/pages"}],"about":[{"href":"https:\/\/biberena.ch\/de\/en\/wp-json\/wp\/v2\/types\/page"}],"author":[{"embeddable":true,"href":"https:\/\/biberena.ch\/de\/en\/wp-json\/wp\/v2\/users\/1"}],"replies":[{"embeddable":true,"href":"https:\/\/biberena.ch\/de\/en\/wp-json\/wp\/v2\/comments?post=3733"}],"version-history":[{"count":1,"href":"https:\/\/biberena.ch\/de\/en\/wp-json\/wp\/v2\/pages\/3733\/revisions"}],"predecessor-version":[{"id":3742,"href":"https:\/\/biberena.ch\/de\/en\/wp-json\/wp\/v2\/pages\/3733\/revisions\/3742"}],"wp:attachment":[{"href":"https:\/\/biberena.ch\/de\/en\/wp-json\/wp\/v2\/media?parent=3733"}],"curies":[{"name":"wp","href":"https:\/\/api.w.org\/{rel}","templated":true}]}}